{"id":4363,"date":"2020-10-15T14:28:11","date_gmt":"2020-10-15T12:28:11","guid":{"rendered":"https:\/\/normandy-race.com\/privacy-policy\/"},"modified":"2020-10-15T14:33:30","modified_gmt":"2020-10-15T12:33:30","slug":"privacy-policy","status":"publish","type":"page","link":"https:\/\/normandy-race.com\/en\/privacy-policy\/","title":{"rendered":"Privacy policy"},"content":{"rendered":"<section class=\"l-section wpb_row height_large\"><div class=\"l-section-h i-cf\"><div class=\"g-cols vc_row via_flex valign_top type_default stacking_default\"><div class=\"vc_col-sm-12 wpb_column vc_column_container\"><div class=\"vc_column-inner\"><div class=\"wpb_wrapper\"><div class=\"wpb_text_column\"><div class=\"wpb_wrapper\"><p>En vertu de l\u2019article 6 de la loi n\u00b0 2004-575 du 21 juin 2004 pour la confiance dans l\u2019\u00e9conomie num\u00e9rique, il est pr\u00e9cis\u00e9 aux utilisateurs du site <a href=\"https:\/\/normandy-race.com\/en\/\">https:\/\/normandy-race.com\/<\/a> l\u2019identit\u00e9 des diff\u00e9rents intervenants dans le cadre de sa r\u00e9alisation et de son suivi :<\/p>\n<p>Propri\u00e9taire : SARL Sirius \u00e9v\u00e8nement siret 48191576700034\u00a0<br \/>Ce site est normalement accessible \u00e0 tout moment aux utilisateurs. Une interruption pour raison de maintenance technique peut \u00eatre toutefois d\u00e9cid\u00e9e par https:\/\/normandy-race.com\/, qui s\u2019efforcera alors de communiquer pr\u00e9alablement aux utilisateurs les dates et heures de l\u2019intervention. \u2013 5 rue de l&#8217;amiral Hamelin 75116 Paris , France<br \/>Cr\u00e9ateur : Manfred Ramspacher<br \/>Responsable publication : Manfred Ramspacher \u2013 contact@sirius-events.com<br \/>Le responsable publication est une personne physique.<br \/>Webmaster : CHARRIER Julien \u2013 julien@la-bernik-graffik.com<br \/>H\u00e9bergeur : OVH.<br \/>CONDITIONS G\u00c9N\u00c9RALES D\u2019UTILISATION DU SITE ET DES SERVICES PROPOS\u00c9S<br \/>L\u2019utilisation du site https:\/\/normandy-race.com\/ implique l\u2019acceptation pleine et enti\u00e8re des conditions g\u00e9n\u00e9rales d\u2019utilisation ci-apr\u00e8s d\u00e9crites. Ces conditions d\u2019utilisation sont susceptibles d\u2019\u00eatre modifi\u00e9es ou compl\u00e9t\u00e9es \u00e0 tout moment, les utilisateurs du site https:\/\/normandy-race.com\/ sont donc invit\u00e9s \u00e0 les consulter de mani\u00e8re r\u00e9guli\u00e8re.<\/p>\n<p>Le site https:\/\/normandy-race.com\/ est mis \u00e0 jour r\u00e9guli\u00e8rement par la SARL Sirius \u00e9v\u00e8nement. De la m\u00eame fa\u00e7on, les mentions l\u00e9gales peuvent \u00eatre modifi\u00e9es \u00e0 tout moment : elles s\u2019imposent n\u00e9anmoins \u00e0 l\u2019utilisateur qui est invit\u00e9 \u00e0 s\u2019y r\u00e9f\u00e9rer le plus souvent possible afin d\u2019en prendre connaissance.<\/p>\n<p>DESCRIPTION DES SERVICES FOURNIS<br \/>Le site https:\/\/normandy-race.com\/ a pour objet de fournir une information concernant l\u2019ensemble des activit\u00e9s de la soci\u00e9t\u00e9.<\/p>\n<p>Sirius \u00e9v\u00e8nements s\u2019efforce de fournir sur le site https:\/\/normandy-race.com\/ des informations aussi pr\u00e9cises que possible. Toutefois, il ne pourra \u00eatre tenue responsable des omissions, des inexactitudes et des carences dans la mise \u00e0 jour, qu\u2019elles soient de son fait ou du fait des tiers partenaires qui lui fournissent ces informations.<\/p>\n<p>Tous les informations indiqu\u00e9es sur le site https:\/\/normandy-race.com\/ sont donn\u00e9es \u00e0 titre indicatif, et sont susceptibles d\u2019\u00e9voluer. Par ailleurs, les renseignements figurant sur le site https:\/\/normandy-race.com\/ ne sont pas exhaustifs. Ils sont donn\u00e9s sous r\u00e9serve de modifications ayant \u00e9t\u00e9 apport\u00e9es depuis leur mise en ligne.<\/p>\n<p>LIMITATIONS CONTRACTUELLES SUR LES DONN\u00c9ES TECHNIQUES<br \/>Le site utilise la technologie JavaScript.<\/p>\n<p>Le site Internet ne pourra \u00eatre tenu responsable de dommages mat\u00e9riels li\u00e9s \u00e0 l\u2019utilisation du site. De plus, l\u2019utilisateur du site s\u2019engage \u00e0 acc\u00e9der au site en utilisant un mat\u00e9riel r\u00e9cent, ne contenant pas de virus et avec un navigateur de derni\u00e8re g\u00e9n\u00e9ration mis-\u00e0-jour.<\/p>\n<p>PROPRI\u00c9T\u00c9 INTELLECTUELLE ET CONTREFA\u00c7ONS<br \/>La SARL Sirius \u00e9v\u00e8nement est propri\u00e9taire des droits de propri\u00e9t\u00e9 intellectuelle ou d\u00e9tient les droits d\u2019usage sur tous les \u00e9l\u00e9ments accessibles sur le site, notamment les textes, images, graphismes, logo, ic\u00f4nes, sons, logiciels.<\/p>\n<p>Toute reproduction, repr\u00e9sentation, modification, publication, adaptation de tout ou partie des \u00e9l\u00e9ments du site, quel que soit le moyen ou le proc\u00e9d\u00e9 utilis\u00e9, est interdite, sauf autorisation \u00e9crite pr\u00e9alable de : Manfred Ramspacher<\/p>\n<p>Toute exploitation non autoris\u00e9e du site ou de l\u2019un quelconque des \u00e9l\u00e9ments qu\u2019il contient sera consid\u00e9r\u00e9e comme constitutive d\u2019une contrefa\u00e7on et poursuivie conform\u00e9ment aux dispositions des articles L.335-2 et suivants du Code de Propri\u00e9t\u00e9 Intellectuelle.<\/p>\n<p>LIMITATIONS DE RESPONSABILIT\u00c9<br \/>\u00a0SARL Sirius \u00e9v\u00e8nement ne pourra \u00eatre tenu responsable des dommages directs et indirects caus\u00e9s au mat\u00e9riel de l\u2019utilisateur, lors de l\u2019acc\u00e8s au site https:\/\/normandy-race.com\/, et r\u00e9sultant soit de l\u2019utilisation d\u2019un mat\u00e9riel ne r\u00e9pondant pas aux sp\u00e9cifications indiqu\u00e9es au point 4, soit de l\u2019apparition d\u2019un bug ou d\u2019une incompatibilit\u00e9.<\/p>\n<p>SARL Sirius event may also not be held responsible for indirect damages (such as a loss of market or loss of a chance) as a result of the use of the https:\/\/normandy-race.com\/ site.<\/p>\n<\/p>\n<p>Des espaces interactifs (possibilit\u00e9 de poser des questions dans l\u2019espace contact) sont \u00e0 la disposition des utilisateurs. \u00a0SARL Sirius \u00e9v\u00e8nement se r\u00e9serve le droit de supprimer, sans mise en demeure pr\u00e9alable, tout contenu d\u00e9pos\u00e9 dans cet espace qui contreviendrait \u00e0 la l\u00e9gislation applicable en France, en particulier aux dispositions relatives \u00e0 la protection des donn\u00e9es. Le cas \u00e9ch\u00e9ant, \u00a0SARL Sirius \u00e9v\u00e8nement\u00a0se r\u00e9serve \u00e9galement la possibilit\u00e9 de mettre en cause la responsabilit\u00e9 civile et\/ou p\u00e9nale de l\u2019utilisateur, notamment en cas de message \u00e0 caract\u00e8re raciste, injurieux, diffamant, ou pornographique, quel que soit le support utilis\u00e9 (texte, photographie\u2026).<\/p>\n<p>GESTION DES DONN\u00c9ES PERSONNELLES<br \/>Les formulaires<br \/>Chaque formulaire ou t\u00e9l\u00e9service limite la collecte des donn\u00e9es personnelles au strict n\u00e9cessaire (minimisation des donn\u00e9es) et indique notamment :<\/p>\n<p>quels sont les objectifs du recueil de ces donn\u00e9es (finalit\u00e9s) ;<br \/>si ces donn\u00e9es sont obligatoires ou facultatives pour la gestion de votre demande ;<br \/>qui pourra en prendre connaissance (uniquement https:\/\/normandy-race.com\/ \u2013 SARL Sirius \u00e9v\u00e8nement en principe, sauf pr\u00e9cision dans le formulaire lorsqu\u2019une transmission \u00e0 un tiers est n\u00e9cessaire \u00e0 la gestion de votre demande) ;<br \/>vos droits Informatique et Libert\u00e9s et la fa\u00e7on de les exercer aupr\u00e8s de la SARL Sirius \u00e9v\u00e8nement.<br \/>Les donn\u00e9es personnelles recueillies dans le cadre des services propos\u00e9s sur https:\/\/normandy-race.com\/ sont trait\u00e9es selon des protocoles s\u00e9curis\u00e9s et permettent \u00e0 la SARL Sirius \u00e9v\u00e8nement de g\u00e9rer les demandes re\u00e7ues dans ses applications informatiques.<\/p>\n<p>Pour toute information ou exercice de vos droits Informatique et Libert\u00e9s sur les traitements de donn\u00e9es personnelles g\u00e9r\u00e9s par la SARL Sirius \u00e9v\u00e8nement, vous pouvez contacter son d\u00e9l\u00e9gu\u00e9 \u00e0 la protection des donn\u00e9es (DPO) :<\/p>\n<p>par courriel : contact@sirius-events.com<br \/>ou par voie postale :<br \/>Sirius \u00e9v\u00e8nements 5 rue de l&#8217;amiral Hamelin 75116 Paris<\/p>\n<p>Commentaires<br \/>Quand vous laissez un commentaire sur notre site web, les donn\u00e9es inscrites dans le formulaire de commentaire, mais aussi votre adresse IP et l\u2019agent utilisateur de votre navigateur sont collect\u00e9s pour nous aider \u00e0 la d\u00e9tection des commentaires ind\u00e9sirables.<\/p>\n<p>Une cha\u00eene anonymis\u00e9e cr\u00e9\u00e9e \u00e0 partir de votre adresse de messagerie (\u00e9galement appel\u00e9e hash) peut \u00eatre envoy\u00e9e au service Gravatar pour v\u00e9rifier si vous utilisez ce dernier. Les clauses de confidentialit\u00e9 du service Gravatar sont disponibles ici : https:\/\/automattic.com\/privacy\/. Apr\u00e8s validation de votre commentaire, votre photo de profil sera visible publiquement \u00e0 cot\u00e9 de votre commentaire.<\/p>\n<p>Les commentaires des visiteurs peuvent \u00eatre v\u00e9rifi\u00e9s \u00e0 l\u2019aide d\u2019un service automatis\u00e9 de d\u00e9tection des commentaires ind\u00e9sirables.<\/p>\n<p>M\u00e9dias<br \/>Si vous \u00eates un utilisateur ou une utilisatrice enregistr\u00e9\u00b7e et que vous t\u00e9l\u00e9versez des images sur le site web, nous vous conseillons d\u2019\u00e9viter de t\u00e9l\u00e9verser des images contenant des donn\u00e9es EXIF de coordonn\u00e9es GPS. Les visiteurs de votre site web peuvent t\u00e9l\u00e9charger et extraire des donn\u00e9es de localisation depuis ces images.<\/p>\n<p>Statistiques et mesures d\u2019audience<br \/>Ce site utilise les services de Google Analytics pour mesurer les visites sur https:\/\/normandy-race.com\/ \u00e0 des fins de statistiques. Leur service enregistre l\u2019adresse IP de l\u2019utilisateur.<\/p>\n<p>Ces donn\u00e9es sont conserv\u00e9es 24 mois puis sont effac\u00e9es automatiquement.<\/p>\n<p>Si vous ne souhaitez pas \u00eatre inclus dans ces statistiques, nous vous conseillons d\u2019utiliser la fonctionnalit\u00e9 de navigation priv\u00e9 de votre navigateur.<\/p>\n<p>LIENS HYPERTEXTES ET COOKIES<br \/>Le site https:\/\/normandy-race.com\/ contient un certain nombre de liens hypertextes vers d\u2019autres sites, mis en place avec l\u2019autorisation de julien charrier. Cependant, la SARL Sirius Evennements n\u2019a pas la possibilit\u00e9 de v\u00e9rifier le contenu des sites ainsi visit\u00e9s, et n\u2019assumera en cons\u00e9quence aucune responsabilit\u00e9 de ce fait.<\/p>\n<p>La navigation sur le site https:\/\/normandy-race.com\/ est susceptible de provoquer l\u2019installation de cookie(s) sur l\u2019ordinateur de l\u2019utilisateur. Un cookie est un fichier de petite taille, qui ne permet pas l\u2019identification de l\u2019utilisateur, mais qui enregistre des informations relatives \u00e0 la navigation d\u2019un ordinateur sur un site. Les donn\u00e9es ainsi obtenues visent \u00e0 faciliter la navigation ult\u00e9rieure sur le site, et ont \u00e9galement vocation \u00e0 permettre diverses mesures de fr\u00e9quentation.<\/p>\n<p>Le refus d\u2019installation d\u2019un cookie peut entra\u00eener l\u2019impossibilit\u00e9 d\u2019acc\u00e9der \u00e0 certains services. L\u2019utilisateur peut toutefois configurer son ordinateur de la mani\u00e8re suivante, pour refuser l\u2019installation des cookies :<\/p>\n<p>Sous Edge : \u00c0 partir des points en haut \u00e0 gauche de votre fen\u00eatre, Cliquez sur \u201cParam\u00e8tres\u201d, puis \u201cParam\u00e8tres avanc\u00e9s\u201d, dans la partie \u201cCookies\u201d s\u00e9lectionnez \u201cBloquer tous les cookies\u201d. Pensez \u00e0 effacer vos donn\u00e9es de navigation en revenant sur la partie des \u201cParam\u00e8tres\u201d (la premi\u00e8re fen\u00eatre, et cliquez sur \u201cEffacer les donn\u00e9es de navigation, et cochez : \u201cCookie et donn\u00e9es des site web enregistr\u00e9es\u201d et \u201cFichiers et donn\u00e9es en cache\u201d.<br \/>Sous Internet Explorer : onglet outil (pictogramme en forme de rouage en haut a droite) \/ options internet. Cliquez sur Confidentialit\u00e9 et choisissez Bloquer tous les cookies. Validez sur Ok.<br \/>Sous Firefox : en haut de la fen\u00eatre du navigateur, cliquez sur le bouton Firefox, puis aller dans l\u2019onglet Options. Cliquer sur l\u2019onglet Vie priv\u00e9e. Param\u00e9trez les R\u00e8gles de conservation sur : utiliser les param\u00e8tres personnalis\u00e9s pour l\u2019historique. Enfin d\u00e9cochez-la pour d\u00e9sactiver les cookies.<br \/>Sous Safari : Cliquez en haut \u00e0 droite du navigateur sur le pictogramme de menu (symbolis\u00e9 par un rouage). S\u00e9lectionnez Param\u00e8tres. Cliquez sur Afficher les param\u00e8tres avanc\u00e9s. Dans la section \u00ab Confidentialit\u00e9 \u00bb, cliquez sur Param\u00e8tres de contenu. Dans la section \u00ab Cookies \u00bb, vous pouvez bloquer les cookies.<br \/>Sous Chrome : Cliquez en haut \u00e0 droite du navigateur sur le pictogramme de menu (symbolis\u00e9 par trois lignes horizontales). S\u00e9lectionnez Param\u00e8tres. Cliquez sur Afficher les param\u00e8tres avanc\u00e9s. Dans la section \u00ab Confidentialit\u00e9 \u00bb, cliquez sur pr\u00e9f\u00e9rences. Dans l\u2019onglet \u00ab Confidentialit\u00e9 \u00bb, vous pouvez bloquer les cookies.<br \/>DROIT APPLICABLE ET ATTRIBUTION DE JURIDICTION<br \/>Tout litige en relation avec l\u2019utilisation du site https:\/\/normandy-race.com\/ est soumis au droit fran\u00e7ais. Il est fait attribution exclusive de juridiction aux tribunaux comp\u00e9tents.<\/p>\n<p>LES PRINCIPALES LOIS CONCERN\u00c9ES<br \/>Code de la consommation : articles L131-1 \u00e0 L131-4<\/p>\n<p>Obligation g\u00e9n\u00e9rale d\u2019information pr\u00e9contractuelle : Code de la consommation : article R111-1<\/p>\n<p>Obligation d\u2019information pr\u00e9contractuelle : Loi n\u00b02004-575 du 21 juin 2004 pour la confiance dans l\u2019\u00e9conomie num\u00e9rique : articles 19 et 20<\/p>\n<p>Loi n\u00b02004-575 du 21 juin 2004 pour la confiance dans l\u2019\u00e9conomie num\u00e9rique : article 6<\/p>\n<p>LEXIQUE<br \/>Utilisateur : Internaute se connectant, utilisant le site susnomm\u00e9.<\/p>\n<p>Informations personnelles : \u00ab les informations qui permettent, sous quelque forme que ce soit, directement ou non, l\u2019identification des personnes physiques auxquelles elles s\u2019appliquent \u00bb (article 4 de la loi n\u00b0 78-17 du 6 janvier 1978).<\/p>\n<p>&nbsp;<\/p><\/p>\n<\/div><\/div><\/div><\/div><\/div><\/div><\/div><\/section><br \/><br \/><\/p>","protected":false},"excerpt":{"rendered":"En vertu de l\u2019article 6 de la loi n\u00b0 2004-575 du 21 juin 2004 pour la confiance dans l\u2019\u00e9conomie num\u00e9rique, il est pr\u00e9cis\u00e9 aux utilisateurs du site https:\/\/normandy-race.com\/ l\u2019identit\u00e9 des diff\u00e9rents intervenants dans le cadre de sa r\u00e9alisation et de son suivi : Propri\u00e9taire : SARL Sirius \u00e9v\u00e8nement siret 48191576700034\u00a0Ce site est normalement accessible \u00e0...","protected":false},"author":1,"featured_media":0,"parent":0,"menu_order":0,"comment_status":"closed","ping_status":"open","template":"","meta":{"_acf_changed":false,"footnotes":""},"class_list":["post-4363","page","type-page","status-publish","hentry"],"acf":[],"yoast_head":"<!-- This site is optimized with the Yoast SEO plugin v24.5 - https:\/\/yoast.com\/wordpress\/plugins\/seo\/ -->\n<title>Privacy policy - CIC Normandy Channel Race<\/title>\n<meta name=\"robots\" content=\"index, follow, max-snippet:-1, max-image-preview:large, max-video-preview:-1\" \/>\n<link rel=\"canonical\" href=\"https:\/\/normandy-race.com\/en\/privacy-policy\/\" \/>\n<meta property=\"og:locale\" content=\"en_US\" \/>\n<meta property=\"og:type\" content=\"article\" \/>\n<meta property=\"og:title\" content=\"Privacy policy - CIC Normandy Channel Race\" \/>\n<meta property=\"og:url\" content=\"https:\/\/normandy-race.com\/en\/privacy-policy\/\" \/>\n<meta property=\"og:site_name\" content=\"CIC Normandy Channel Race\" \/>\n<meta property=\"article:modified_time\" content=\"2020-10-15T12:33:30+00:00\" \/>\n<meta name=\"twitter:card\" content=\"summary_large_image\" \/>\n<meta name=\"twitter:label1\" content=\"Est. reading time\" \/>\n\t<meta name=\"twitter:data1\" content=\"9 minutes\" \/>\n<script type=\"application\/ld+json\" class=\"yoast-schema-graph\">{\"@context\":\"https:\/\/schema.org\",\"@graph\":[{\"@type\":\"WebPage\",\"@id\":\"https:\/\/normandy-race.com\/en\/privacy-policy\/\",\"url\":\"https:\/\/normandy-race.com\/en\/privacy-policy\/\",\"name\":\"Privacy policy - CIC Normandy Channel Race\",\"isPartOf\":{\"@id\":\"https:\/\/normandy-race.com\/en\/#website\"},\"datePublished\":\"2020-10-15T12:28:11+00:00\",\"dateModified\":\"2020-10-15T12:33:30+00:00\",\"breadcrumb\":{\"@id\":\"https:\/\/normandy-race.com\/en\/privacy-policy\/#breadcrumb\"},\"inLanguage\":\"en-US\",\"potentialAction\":[{\"@type\":\"ReadAction\",\"target\":[\"https:\/\/normandy-race.com\/en\/privacy-policy\/\"]}]},{\"@type\":\"BreadcrumbList\",\"@id\":\"https:\/\/normandy-race.com\/en\/privacy-policy\/#breadcrumb\",\"itemListElement\":[{\"@type\":\"ListItem\",\"position\":1,\"name\":\"Accueil\",\"item\":\"https:\/\/normandy-race.com\/en\/\"},{\"@type\":\"ListItem\",\"position\":2,\"name\":\"Privacy policy\"}]},{\"@type\":\"WebSite\",\"@id\":\"https:\/\/normandy-race.com\/en\/#website\",\"url\":\"https:\/\/normandy-race.com\/en\/\",\"name\":\"CIC Normandy Channel Race\",\"description\":\"Course class40\",\"potentialAction\":[{\"@type\":\"SearchAction\",\"target\":{\"@type\":\"EntryPoint\",\"urlTemplate\":\"https:\/\/normandy-race.com\/en\/?s={search_term_string}\"},\"query-input\":{\"@type\":\"PropertyValueSpecification\",\"valueRequired\":true,\"valueName\":\"search_term_string\"}}],\"inLanguage\":\"en-US\"}]}<\/script>\n<!-- \/ Yoast SEO plugin. -->","yoast_head_json":{"title":"Privacy policy - CIC Normandy Channel Race","robots":{"index":"index","follow":"follow","max-snippet":"max-snippet:-1","max-image-preview":"max-image-preview:large","max-video-preview":"max-video-preview:-1"},"canonical":"https:\/\/normandy-race.com\/en\/privacy-policy\/","og_locale":"en_US","og_type":"article","og_title":"Privacy policy - CIC Normandy Channel Race","og_url":"https:\/\/normandy-race.com\/en\/privacy-policy\/","og_site_name":"CIC Normandy Channel Race","article_modified_time":"2020-10-15T12:33:30+00:00","twitter_card":"summary_large_image","twitter_misc":{"Est. reading time":"9 minutes"},"schema":{"@context":"https:\/\/schema.org","@graph":[{"@type":"WebPage","@id":"https:\/\/normandy-race.com\/en\/privacy-policy\/","url":"https:\/\/normandy-race.com\/en\/privacy-policy\/","name":"Privacy policy - CIC Normandy Channel Race","isPartOf":{"@id":"https:\/\/normandy-race.com\/en\/#website"},"datePublished":"2020-10-15T12:28:11+00:00","dateModified":"2020-10-15T12:33:30+00:00","breadcrumb":{"@id":"https:\/\/normandy-race.com\/en\/privacy-policy\/#breadcrumb"},"inLanguage":"en-US","potentialAction":[{"@type":"ReadAction","target":["https:\/\/normandy-race.com\/en\/privacy-policy\/"]}]},{"@type":"BreadcrumbList","@id":"https:\/\/normandy-race.com\/en\/privacy-policy\/#breadcrumb","itemListElement":[{"@type":"ListItem","position":1,"name":"Accueil","item":"https:\/\/normandy-race.com\/en\/"},{"@type":"ListItem","position":2,"name":"Privacy policy"}]},{"@type":"WebSite","@id":"https:\/\/normandy-race.com\/en\/#website","url":"https:\/\/normandy-race.com\/en\/","name":"CIC Normandy Channel Race","description":"Course class40","potentialAction":[{"@type":"SearchAction","target":{"@type":"EntryPoint","urlTemplate":"https:\/\/normandy-race.com\/en\/?s={search_term_string}"},"query-input":{"@type":"PropertyValueSpecification","valueRequired":true,"valueName":"search_term_string"}}],"inLanguage":"en-US"}]}},"_links":{"self":[{"href":"https:\/\/normandy-race.com\/en\/wp-json\/wp\/v2\/pages\/4363","targetHints":{"allow":["GET"]}}],"collection":[{"href":"https:\/\/normandy-race.com\/en\/wp-json\/wp\/v2\/pages"}],"about":[{"href":"https:\/\/normandy-race.com\/en\/wp-json\/wp\/v2\/types\/page"}],"author":[{"embeddable":true,"href":"https:\/\/normandy-race.com\/en\/wp-json\/wp\/v2\/users\/1"}],"replies":[{"embeddable":true,"href":"https:\/\/normandy-race.com\/en\/wp-json\/wp\/v2\/comments?post=4363"}],"version-history":[{"count":6,"href":"https:\/\/normandy-race.com\/en\/wp-json\/wp\/v2\/pages\/4363\/revisions"}],"predecessor-version":[{"id":4369,"href":"https:\/\/normandy-race.com\/en\/wp-json\/wp\/v2\/pages\/4363\/revisions\/4369"}],"wp:attachment":[{"href":"https:\/\/normandy-race.com\/en\/wp-json\/wp\/v2\/media?parent=4363"}],"curies":[{"name":"wp","href":"https:\/\/api.w.org\/{rel}","templated":true}]}}